{"id":23,"date":"2020-06-18T19:23:28","date_gmt":"2020-06-18T19:23:28","guid":{"rendered":"https:\/\/www.inforecetas.com\/?page_id=23"},"modified":"2020-06-18T19:23:28","modified_gmt":"2020-06-18T19:23:28","slug":"terminos-legales","status":"publish","type":"page","link":"https:\/\/www.inforecetas.com\/?page_id=23","title":{"rendered":"T\u00e9rminos Legales"},"content":{"rendered":"\n<p>Este documento fue generado el 10 de Noviembre del 2020<\/p>\n\n\n\n<p>http:\/\/www.inforecetas.com informa al Usuario de la existencia de un fichero de datos de car\u00e1cter personal que incluye los datos personales obtenidos a trav\u00e9s del Portal cuya finalidad es estad\u00edstica, de redefinici\u00f3n de los servicios ofertados en el mismo, para el env\u00edo de informaci\u00f3n t\u00e9cnica, promocional y para el mantenimiento y gesti\u00f3n de la relaci\u00f3n jur\u00eddica, negocial o comercial o de prestaci\u00f3n de servicios que http:\/\/www.inforecetas.com mantenga con el Usuario.<\/p>\n\n\n\n<p>Los datos recogidos son almacenados bajo la confidencialidad y las medidas de seguridad legalmente establecidas y no ser\u00e1n cedidos ni compartidos con empresas ni entidades ajenas al responsable legal de la web.<\/p>\n\n\n\n<p><strong>Protecci\u00f3n de datos personales<\/strong><\/p>\n\n\n\n<p>En cumplimiento de lo establecido en la Ley Espa\u00f1ola 34\/2002, de Servicios de la Sociedad de la Informaci\u00f3n y el Comercio Electr\u00f3nico, en la Ley Org\u00e1nica 15\/1999, de 13 de diciembre, de Protecci\u00f3n de Datos de Car\u00e1cter Personal y sus reglamentos de desarrollo, http:\/\/www.inforecetas.com le informa que los datos de car\u00e1cter personal proporcionados a trav\u00e9s de los formularios de alta de propietarios y\/o usuarios, quedar\u00e1n incorporados a un fichero para su tratamiento automatizado, con la finalidad de prestar y ofrecer nuestros servicios, entendi\u00e9ndose por tanto concedido el consentimiento expreso para la recepci\u00f3n de comunicaciones comerciales por v\u00eda electr\u00f3nica en los estrictos t\u00e9rminos que se recogen en las presentes condiciones legales.<\/p>\n\n\n\n<p>As\u00ed mismo, podr\u00e1 ejercer su derecho de acceso, cancelaci\u00f3n o rectificaci\u00f3n dirigi\u00e9ndose a la siguiente direcci\u00f3n:<\/p>\n\n\n\n<p>Internet Studios Spain<br>Apdo. de correos 23050<br>46080 Valencia<br>SPAIN<\/p>\n\n\n\n<p><strong>Uso de la informaci\u00f3n<\/strong><\/p>\n\n\n\n<p>El env\u00edo de datos personales mediante el uso de los formularios electr\u00f3nicos de esta web o, en su caso, mensajes de correo electr\u00f3nico, supone el consentimiento expreso del remitente al tratamiento automatizado de los datos incluidos en los medios de comunicaci\u00f3n indicados, servicios y productos relacionados con las finalidades de los sitios web de http:\/\/www.inforecetas.com, as\u00ed como al env\u00edo de comunicaciones v\u00eda electr\u00f3nica con informaci\u00f3n relacionada con esta web y sus iniciativas.<\/p>\n\n\n\n<p>El Usuario, mediante la aceptaci\u00f3n de las casillas habilitadas al efecto en los formularios incluidos en el Portal, consiente que sus datos sean utilizados, para las finalidades se\u00f1aladas en dichos formularios y, por consiguiente, seg\u00fan se trate:<\/p>\n\n\n\n<ul><li>Para la gesti\u00f3n de su registro en el Portal y el mantenimiento y desarrollo de la relaci\u00f3n que mantiene con http:\/\/www.inforecetas.com como Usuario registrado.<\/li><li>Para la publicaci\u00f3n de sus opiniones, Im\u00e1genes o Videos.<\/li><li>Para el desarrollo de herramientas de contacto con Usuarios y para el env\u00edo de informaci\u00f3n comercial a sus contactos en el caso de que nos facilite sus datos personales.<\/li><\/ul>\n\n\n\n<p>Asimismo, el Usuario, mediante la aceptaci\u00f3n de las casillas habilitadas al efecto en los formularios incluidos en el Portal, podr\u00e1 consentir que sus datos sean utilizados para remitirle comunicaciones comerciales e informativas de http:\/\/www.inforecetas.com (por cualquier medio, incluido correo electr\u00f3nico, SMS, etc.).<\/p>\n\n\n\n<p><strong>Condici\u00f3n de usuario de http:\/\/www.inforecetas.com<\/strong><\/p>\n\n\n\n<p>Por la navegaci\u00f3n y utilizaci\u00f3n del portal se le atribuye la condici\u00f3n de usuario del Portal (en adelante, el \u201cUsuario\u201d) e implica la aceptaci\u00f3n de todas las condiciones incluidas en este Aviso Legal.<\/p>\n\n\n\n<p>La prestaci\u00f3n del servicio del portal tiene una duraci\u00f3n limitada al momento en el que el Usuario se encuentre conectado al portal.<\/p>\n\n\n\n<p>El Usuario debe leer atentamente el Aviso Legal en cada una de las ocasiones en que se proponga utilizar el Portal, ya que \u00e9ste y las condiciones recogidas en el Aviso Legal pueden sufrir modificaciones en cada momento.<\/p>\n\n\n\n<p>Algunos servicios del Portal accesibles para los Usuarios, pueden estar sometidos a condiciones particulares que sustituyen, completan y\/o modifican el Aviso Legal y que deber\u00e1n ser aceptadas por el Usuario en cada momento.<\/p>\n\n\n\n<p>El Usuario declara ser mayor de edad y que dispone de la capacidad legal para obligarse y asumir las condiciones del Aviso Legal que aqu\u00ed se detallan.<\/p>\n\n\n\n<p><strong>Normas generales de uso<\/strong><\/p>\n\n\n\n<p>El Usuario se obliga a utilizar esta p\u00e1gina web de forma diligente, correcta y respetuosa, en especial cuando publique opiniones, comentarios u obra fotogr\u00e1fica (&#8220;im\u00e1genes&#8221;) o audiovisual (\u201cvideos\u201d) en los distintos formularios que lo permiten.<\/p>\n\n\n\n<p>Asimismo, se obliga a t\u00edtulo meramente enunciativo a no publicar im\u00e1genes o no realizar comentarios o acciones:<\/p>\n\n\n\n<ul><li>Difamatorios, inexactos, falsos, abusivos, injuriosos, obscenos, irreverentes, ofensivos, insultantes, t\u00e1cita o expresamente sexuales, amenazantes, acosadores, racistas, sexistas, discriminatorios por cualquier motivo, que atenten contra la moral, el orden p\u00fablico, los derechos fundamentales, las libertas p\u00fablicas, el honor, la intimidad o la imagen de terceros y en general la normativa vigente, y\/o ilegales o infractores de derechos de terceros (por ejemplo, p.e., derechos de propiedad industrial e intelectual; derechos de privacidad o publicidad).<\/li><li>Transmisores de correo basura, \u201cSPAM\u201d, mensajes con fines comerciales, \u201ccartas en cadena\u201d o mailings masivos no solicitados, falsos, enga\u00f1osos o promuevan actividades ilegales o conducta grosera, amenazante, obscena, difamatoria o injuriosa.<\/li><li>Que suministren informaci\u00f3n pr\u00e1ctica sobre actividades ilegales.<\/li><li>Que conlleven cualquier actividad comercial, publicidad o ventas, incluso aunque no haya contraprestaci\u00f3n monetaria.<\/li><li>Que contengan datos de car\u00e1cter personal sobre terceras personas que requieran el consentimiento del propietario o titular de los derechos. El Usuario responder\u00e1 frente a http:\/\/www.inforecetas.com o frente a cualquier tercero, de cualesquiera da\u00f1os y perjuicios que pudieran causarse como consecuencia del incumplimiento de dicha obligaci\u00f3n.El Portal permite la emisi\u00f3n y publicaci\u00f3n de opiniones, positivas o negativas. El Portal no interviene las opiniones o Im\u00e1genes de los Usuarios.No obstante el Portal no publicar\u00e1 o eliminar\u00e1 las opiniones o Im\u00e1genes que no cumplan con las condiciones anteriores.http:\/\/www.inforecetas.com no se hace responsable, ni garantiza, de la veracidad y exactitud de las opiniones o Im\u00e1genes que puedan exponerse por los usuarios en su Portal.<\/li><\/ul>\n\n\n\n<p><strong>Responsabilidad de http:\/\/www.inforecetas.com<\/strong><\/p>\n\n\n\n<p>http:\/\/www.inforecetas.com \u00fanicamente responder\u00e1 de los da\u00f1os que el Usuario pueda sufrir como consecuencia de la utilizaci\u00f3n del Portal cuando dichos da\u00f1os sean imputables a una actuaci\u00f3n dolosa de esta compa\u00f1\u00eda.<\/p>\n\n\n\n<p>El Usuario reconoce y acepta que la utilizaci\u00f3n del Portal, y en especial la publicaci\u00f3n de opiniones o Im\u00e1genes, as\u00ed como la prestaci\u00f3n de los servicios en \u00e9l ofrecidos se realiza bajo su entero riesgo y su entera responsabilidad.<\/p>\n\n\n\n<p>http:\/\/www.inforecetas.com no se hace responsable de la veracidad, exactitud, adecuaci\u00f3n, idoneidad, exhaustividad y actualidad de la informaci\u00f3n suministrada a trav\u00e9s del mismo, ni de las decisiones tomadas a partir de dicha informaci\u00f3n o los da\u00f1os que pueda producir.<\/p>\n\n\n\n<p><strong>Propiedad de http:\/\/www.inforecetas.com<\/strong><\/p>\n\n\n\n<p>Se informa a los usuarios de la presente p\u00e1gina web, que el titular del web site es la sociedad INTERNET STUDIOS SPAIN SL, cuya direcci\u00f3n es: Apartado de correos 23.050, 46080 Valencia (Spain).<\/p>\n\n\n\n<p>Sociedad provista de CIF n\u00famero B-37435377 y que figura inscrita en el Registro Mercantil de Valencia, Tomo 8852, Libro 6138, Folio 215, Hoja V-127824<\/p>\n","protected":false},"excerpt":{"rendered":"<p>Este documento fue generado el 10 de Noviembre del 2020 http:\/\/www.inforecetas.com informa al Usuario de la existencia de un fichero de datos de car\u00e1cter personal que incluye los datos personales obtenidos a trav\u00e9s del Portal cuya finalidad es estad\u00edstica, de redefinici\u00f3n de los servicios ofertados en el mismo, para el env\u00edo de informaci\u00f3n t\u00e9cnica, promocional [&hellip;]<\/p>\n","protected":false},"author":1,"featured_media":0,"parent":0,"menu_order":0,"comment_status":"closed","ping_status":"closed","template":"","meta":{"footnotes":""},"_links":{"self":[{"href":"https:\/\/www.inforecetas.com\/index.php?rest_route=\/wp\/v2\/pages\/23"}],"collection":[{"href":"https:\/\/www.inforecetas.com\/index.php?rest_route=\/wp\/v2\/pages"}],"about":[{"href":"https:\/\/www.inforecetas.com\/index.php?rest_route=\/wp\/v2\/types\/page"}],"author":[{"embeddable":true,"href":"https:\/\/www.inforecetas.com\/index.php?rest_route=\/wp\/v2\/users\/1"}],"replies":[{"embeddable":true,"href":"https:\/\/www.inforecetas.com\/index.php?rest_route=%2Fwp%2Fv2%2Fcomments&post=23"}],"version-history":[{"count":1,"href":"https:\/\/www.inforecetas.com\/index.php?rest_route=\/wp\/v2\/pages\/23\/revisions"}],"predecessor-version":[{"id":26,"href":"https:\/\/www.inforecetas.com\/index.php?rest_route=\/wp\/v2\/pages\/23\/revisions\/26"}],"wp:attachment":[{"href":"https:\/\/www.inforecetas.com\/index.php?rest_route=%2Fwp%2Fv2%2Fmedia&parent=23"}],"curies":[{"name":"wp","href":"https:\/\/api.w.org\/{rel}","templated":true}]}}